{"id":6671,"date":"2020-03-22T19:56:18","date_gmt":"2020-03-22T19:56:18","guid":{"rendered":"https:\/\/selinbebekaktivite.com\/?page_id=6671"},"modified":"2024-05-10T12:48:56","modified_gmt":"2024-05-10T12:48:56","slug":"hakkimizda","status":"publish","type":"page","link":"https:\/\/selinbebekaktivite.com\/tr\/hakkimizda\/","title":{"rendered":"Hakk\u0131m\u0131zda"},"content":{"rendered":"<p><img loading=\"lazy\" decoding=\"async\" class=\"alignnone wp-image-6692 size-full\" src=\"https:\/\/selinbebekaktivite.com\/wp-content\/uploads\/2020\/03\/9.jpeg\" alt=\"\" width=\"1440\" height=\"1080\" srcset=\"https:\/\/selinbebekaktivite.com\/wp-content\/uploads\/2020\/03\/9.jpeg 1440w, https:\/\/selinbebekaktivite.com\/wp-content\/uploads\/2020\/03\/9-600x450.jpeg 600w, https:\/\/selinbebekaktivite.com\/wp-content\/uploads\/2020\/03\/9-300x225.jpeg 300w, https:\/\/selinbebekaktivite.com\/wp-content\/uploads\/2020\/03\/9-1024x768.jpeg 1024w, https:\/\/selinbebekaktivite.com\/wp-content\/uploads\/2020\/03\/9-768x576.jpeg 768w, https:\/\/selinbebekaktivite.com\/wp-content\/uploads\/2020\/03\/9-360x270.jpeg 360w\" sizes=\"auto, (max-width: 1440px) 100vw, 1440px\" \/><\/p>\n<h1>ARADI\u011eINIZ OYUN PROGRAMINI BULDUNUZ!<\/h1>\n<p>Bebe\u011finizin ilk \u00fc\u00e7 y\u0131l\u0131, hayatlar\u0131n\u0131n en \u00f6nemli d\u00f6nemlerinden biridir. \u0130lk y\u0131l, beyin geli\u015fimi %75 oran\u0131nda tamamlan\u0131rken, bu oran 3. y\u0131l\u0131n sonunda %90 a ula\u015f\u0131r. Bu s\u00fcre\u00e7te onlar\u0131 desteklemek ve uyar\u0131c\u0131 bir ortam sa\u011flamak kritik \u00f6neme sahiptir. \u0130\u015fte tam da bu noktada, Selin Bebek Aktivite olarak devreye giriyoruz.<\/p>\n<p>Biz, de\u011fi\u015fimin geli\u015fiminin sadece temel ihtiya\u00e7lar\u0131n\u0131 kar\u015f\u0131lam\u0131yoruz. Bunlar\u0131n sosyal, k\u00fclt\u00fcrel, i\u015fitsel, elastik ve fiziksel par\u00e7alar\u0131na odaklanarak, gelecekte evrensel olarak g\u00fc\u00e7l\u00fc bir ki\u015finin olmas\u0131 i\u00e7in gerekli temelleri atmalar\u0131na yard\u0131mc\u0131 olabilirsiniz.<\/p>\n<p>Selin Bebek Aktivitesi, annelerin uzman e\u011fitimcilerimizden sa\u011fl\u0131kl\u0131 bilgi alabilece\u011fi, keyifle sosyalle\u015febilece\u011fi ve bulunabildi\u011fi ke\u015ffedilebilecek bir ortam sunuyor. Burada, \u00f6zelliklerinin \u00e7ok y\u00f6nl\u00fc \u015fekilde geli\u015febilmesi i\u00e7in gereken destek ve uyar\u0131m\u0131 \u00e7al\u0131\u015ft\u0131r\u0131n.<\/p>\n<p>7 y\u0131lda 3217 annenin tercihi olan Selin Bebek Aktivitesi, yeni annelerin ve hayata merhaba diyen bebeklerin hayatlar\u0131na dokunmaya devam ediyor. Siz de bug\u00fcn bize kat\u0131l\u0131n ve finansal destek sa\u011flay\u0131n ve onlara en iyi deste\u011fi sa\u011flay\u0131n.<\/p>","protected":false},"excerpt":{"rendered":"<p>ARADI\u011eINIZ OYUN PROGRAMINI BULDUNUZ! Bebe\u011finizin ilk \u00fc\u00e7 y\u0131l\u0131, hayatlar\u0131n\u0131n en \u00f6nemli d\u00f6nemlerinden biridir. \u0130lk y\u0131l, beyin geli\u015fimi %75 oran\u0131nda tamamlan\u0131rken, bu oran 3. y\u0131l\u0131n sonunda %90 a ula\u015f\u0131r. Bu s\u00fcre\u00e7te&#8230;<\/p>","protected":false},"author":2,"featured_media":6690,"parent":0,"menu_order":0,"comment_status":"closed","ping_status":"closed","template":"","meta":{"_kad_post_transparent":"","_kad_post_title":"","_kad_post_layout":"","_kad_post_sidebar_id":"","_kad_post_content_style":"","_kad_post_vertical_padding":"","_kad_post_feature":"","_kad_post_feature_position":"","_kad_post_header":false,"_kad_post_footer":false,"footnotes":""},"class_list":["post-6671","page","type-page","status-publish","has-post-thumbnail","hentry"],"_links":{"self":[{"href":"https:\/\/selinbebekaktivite.com\/tr\/wp-json\/wp\/v2\/pages\/6671","targetHints":{"allow":["GET"]}}],"collection":[{"href":"https:\/\/selinbebekaktivite.com\/tr\/wp-json\/wp\/v2\/pages"}],"about":[{"href":"https:\/\/selinbebekaktivite.com\/tr\/wp-json\/wp\/v2\/types\/page"}],"author":[{"embeddable":true,"href":"https:\/\/selinbebekaktivite.com\/tr\/wp-json\/wp\/v2\/users\/2"}],"replies":[{"embeddable":true,"href":"https:\/\/selinbebekaktivite.com\/tr\/wp-json\/wp\/v2\/comments?post=6671"}],"version-history":[{"count":7,"href":"https:\/\/selinbebekaktivite.com\/tr\/wp-json\/wp\/v2\/pages\/6671\/revisions"}],"predecessor-version":[{"id":6793,"href":"https:\/\/selinbebekaktivite.com\/tr\/wp-json\/wp\/v2\/pages\/6671\/revisions\/6793"}],"wp:featuredmedia":[{"embeddable":true,"href":"https:\/\/selinbebekaktivite.com\/tr\/wp-json\/wp\/v2\/media\/6690"}],"wp:attachment":[{"href":"https:\/\/selinbebekaktivite.com\/tr\/wp-json\/wp\/v2\/media?parent=6671"}],"curies":[{"name":"wp","href":"https:\/\/api.w.org\/{rel}","templated":true}]}}