{"id":6676,"date":"2020-03-22T19:57:45","date_gmt":"2020-03-22T19:57:45","guid":{"rendered":"https:\/\/selinbebekaktivite.com\/?page_id=6676"},"modified":"2024-05-10T07:19:52","modified_gmt":"2024-05-10T07:19:52","slug":"sikca-sorulan-sorular","status":"publish","type":"page","link":"https:\/\/selinbebekaktivite.com\/tr\/sikca-sorulan-sorular\/","title":{"rendered":"S\u0131k\u00e7a Sorulan Sorular"},"content":{"rendered":"<h1>Selin Bebek Aktivite Nedir?<\/h1>\n<p>Do\u011fumdan sonra ilk y\u0131l bebeklerin beyin geli\u015fimi %75 oran\u0131nda tamamlan\u0131r. 3 ya\u015f\u0131na vard\u0131\u011f\u0131nda ise bu rakam %90 lara ula\u015f\u0131r. Bu bilgiye dayanarak, bebe\u011finiz, ilk \u00fc\u00e7 y\u0131l\u0131nda, sosyal, k\u00fclt\u00fcrel, duyusal, bili\u015fsel ve fiziksel geli\u015fim bak\u0131m\u0131ndan olduk\u00e7a uyar\u0131lmal\u0131d\u0131r. Bu uyar\u0131m\u0131 sa\u011flayan bir anne-bebek etkinlik ve e\u011fitim merkezi olan Selin Bebek Aktivite, \u00e7ocu\u011fun ilk \u00fc\u00e7 senede beslenme, alt de\u011fi\u015ftirme ve uyku gibi temel ihtiya\u00e7lar\u0131n\u0131n kar\u015f\u0131land\u0131\u011f\u0131 bir d\u00f6nem olmaktan \u00e7ok daha fazlas\u0131; yani, bebe\u011fin toplumda birey olarak ya\u015fayaca\u011f\u0131 d\u00f6nemlerin temelinin at\u0131ld\u0131\u011f\u0131 ve iyi planlanmas\u0131 gerekilen bir d\u00f6nem oldu\u011funu savunur.<\/p>\n<h1>Dersler ka\u00e7 g\u00fcn, ka\u00e7 saattir?<\/h1>\n<p>Dersler haftada 1 g\u00fcn 1 saat, haftada 2 ayr\u0131 g\u00fcn 2 ayr\u0131 saat, haftada 3 ayr\u0131 g\u00fcn ve 3 ayr\u0131 saat olarak se\u00e7ilebilir. Dersler 32 ayl\u0131k olana kadar 1 saat, sonras\u0131nda (32+ ayl\u0131k oyun program\u0131nda) 1.5 saattir. Derslere geldi\u011finiz s\u00fcre i\u00e7erisinde, bebe\u011finizin sa\u011fl\u0131kl\u0131 geli\u015fimi konusunda bilgi edinir, becerilerini geli\u015ftiren farkl\u0131 bir\u00e7ok etkinlik deneyimler, evde neler yapabilece\u011finiz konusunda destek al\u0131rs\u0131n\u0131z.<\/p>\n<h1>Her s\u0131n\u0131fta ka\u00e7 bebek oluyor?<\/h1>\n<p>Derslerimizde en az 3 anne ve bebe\u011fi, en fazla 8 anne ve bebe\u011fi oluyor. Bebek anneden en fazla 50 cm uzakl\u0131kta oluyor.<\/p>\n<h1>Program ka\u00e7 haftal\u0131k?<\/h1>\n<p>12 ders, 18 ders veya 24 ders olarak planlanm\u0131\u015f kurlar\u0131m\u0131z var. Gruplara hasta bebek kabul edemiyoruz. Sadece anneli (yoklu\u011funda, bak\u0131c\u0131. anneanne, babaanne ile de) kat\u0131labilece\u011fi oyun program\u0131m\u0131zda kat\u0131l\u0131m s\u0131kl\u0131\u011f\u0131n\u0131z\u0131 bebe\u011finiz \u00f6zelinde g\u00f6r\u00fc\u015f\u00fcyor, program\u0131n\u0131z\u0131 ki\u015fiselle\u015ftirilmi\u015f e\u011fitim modeli \u00e7er\u00e7evesinde olu\u015fturuyoruz. 12 ders haftada 3 g\u00fcn kat\u0131l\u0131ml\u0131 bir programda 1 ayl\u0131k, haftada 1 g\u00fcn kat\u0131l\u0131ml\u0131 bir programda 3 ayl\u0131k da olabiliyor. Yine haftada 1 g\u00fcn kat\u0131lan bir bebe\u011fin 24 ders haklar\u0131 da 6 ayda sunulabiliyor.<\/p>\n<h1>Ne t\u00fcr etkinlikler yap\u0131yorsunuz?<\/h1>\n<p>Duyusal sistem; g\u00f6rme, i\u015fitme, koku alma, taklit (y\u00fczeysel, derimizden alg\u0131), tat alma, vestibular (yer \u00e7ekimi, i\u00e7kulak ve denge) ve propriyoseptif (pozisyonlama ve hareket) sistemlerden olu\u015fur. Bu duyular\u0131n \u00e7al\u0131\u015fmas\u0131 sayesinde kazand\u0131\u011f\u0131m\u0131z bilgiler ve deneyimler, an\u0131lar\u0131 olu\u015fturur ve b\u00f6ylece ilk \u00f6\u011frenme s\u00fcreci ba\u015flar. Selin Bebek Aktivite s\u0131n\u0131flar\u0131, bu \u00f6\u011frenme s\u00fcrecinde, her hafta farkl\u0131 temalar ile, g\u00f6rme, duyma, koklama, dokunma, hissetme, hareket etme, hayal etme, do\u011fa\u00e7lama yapma, yaratma gibi farkl\u0131 s\u00fcre\u00e7leri, \u00f6zel olarak se\u00e7ilmi\u015f faaliyetlere g\u00f6re de\u011fi\u015fen aktivite ve materyaller ile bebe\u011finizin, kaba-ince motor, bili\u015fsel, dil ve psikososyal geli\u015fimini destekler. T\u00fcm program ve aktiviteler, m\u00fczik, ritim ve oyun ile sunulur. Selin Bebek Aktivite\u2019yi Mersin\u2019de benzersiz k\u0131lan ise, yeni annelere, pratik yol ve ger\u00e7ek ya\u015fam ipu\u00e7lar\u0131 ile birlikte, g\u00fcncel ve ara\u015ft\u0131rmalara dayal\u0131 uzman tavsiyeleri hakk\u0131nda bilgi verilmesidir.<\/p>","protected":false},"excerpt":{"rendered":"<p>Selin Bebek Aktivite Nedir? Do\u011fumdan sonra ilk y\u0131l bebeklerin beyin geli\u015fimi %75 oran\u0131nda tamamlan\u0131r. 3 ya\u015f\u0131na vard\u0131\u011f\u0131nda ise bu rakam %90 lara ula\u015f\u0131r. Bu bilgiye dayanarak, bebe\u011finiz, ilk \u00fc\u00e7 y\u0131l\u0131nda,&#8230;<\/p>","protected":false},"author":2,"featured_media":0,"parent":0,"menu_order":0,"comment_status":"closed","ping_status":"closed","template":"","meta":{"_kad_post_transparent":"","_kad_post_title":"","_kad_post_layout":"","_kad_post_sidebar_id":"","_kad_post_content_style":"","_kad_post_vertical_padding":"","_kad_post_feature":"","_kad_post_feature_position":"","_kad_post_header":false,"_kad_post_footer":false,"footnotes":""},"class_list":["post-6676","page","type-page","status-publish","hentry"],"_links":{"self":[{"href":"https:\/\/selinbebekaktivite.com\/tr\/wp-json\/wp\/v2\/pages\/6676","targetHints":{"allow":["GET"]}}],"collection":[{"href":"https:\/\/selinbebekaktivite.com\/tr\/wp-json\/wp\/v2\/pages"}],"about":[{"href":"https:\/\/selinbebekaktivite.com\/tr\/wp-json\/wp\/v2\/types\/page"}],"author":[{"embeddable":true,"href":"https:\/\/selinbebekaktivite.com\/tr\/wp-json\/wp\/v2\/users\/2"}],"replies":[{"embeddable":true,"href":"https:\/\/selinbebekaktivite.com\/tr\/wp-json\/wp\/v2\/comments?post=6676"}],"version-history":[{"count":5,"href":"https:\/\/selinbebekaktivite.com\/tr\/wp-json\/wp\/v2\/pages\/6676\/revisions"}],"predecessor-version":[{"id":6786,"href":"https:\/\/selinbebekaktivite.com\/tr\/wp-json\/wp\/v2\/pages\/6676\/revisions\/6786"}],"wp:attachment":[{"href":"https:\/\/selinbebekaktivite.com\/tr\/wp-json\/wp\/v2\/media?parent=6676"}],"curies":[{"name":"wp","href":"https:\/\/api.w.org\/{rel}","templated":true}]}}